{"id":4607,"date":"2021-08-07T07:47:23","date_gmt":"2021-08-07T07:47:23","guid":{"rendered":"https:\/\/panamed.com.pl\/?page_id=4607"},"modified":"2021-08-07T07:53:51","modified_gmt":"2021-08-07T07:53:51","slug":"teleporady","status":"publish","type":"page","link":"https:\/\/panamed.com.pl\/index.php\/teleporady\/","title":{"rendered":"Teleporady"},"content":{"rendered":"<p>Rejestracja pacjent\u00f3w na\u00a0wizyt\u0119 w\u00a0naszej przychodni odbywa\u00a0si\u0119 w godzinach otwarcia przychodni &#8211;\u00a0osobi\u015bcie w\u00a0rejestracji lub\u00a0telefonicznie.\u00a0W przypadku, kiedy pacjent nie\u00a0mo\u017ce stawi\u0107\u00a0si\u0119 na\u00a0um\u00f3wion\u0105 wizyt\u0119, jest zobowi\u0105zany powiadomi\u0107 o\u00a0tym fakcie pracownik\u00f3w rejestracji, aby miejsce mog\u0142o zosta\u0107 wykorzystane przez innego potrzebuj\u0105cego pacjenta.<\/p>\n<p><b>TELEPORADA<\/b> <b>jest form\u0105 udzielania pomocy medycznej \u2013 \u015bwiadczenia w zakresie podstawowej opieki zdrowotnej na odleg\u0142o\u015b\u0107 i przy wykorzystaniu teleinformatycznych system\u00f3w \u0142\u0105czno\u015bci<\/b><b>.<\/b><b> Osob\u0105 udzielaj\u0105c\u0105 teleporady mo\u017ce by\u0107: lekarz, piel\u0119gniarka <span class=\"Apple-converted-space\">\u00a0 <\/span>Wymienione osoby udzielaj\u0105 teleporady stosownie do swoich uprawnie\u0144, zakresu \u015bwiadczonych us\u0142ug i kompetencji.<\/b><span class=\"Apple-converted-space\">\u00a0<\/span><\/p>\n<p><b>PACJENT SAM WYBIERA CZY CHCE Z NIEJ SKORZYSTA\u0106<\/b><\/p>\n<p><b>Teleporada jest wyj\u0105tkow\u0105 i dodatkow\u0105 form\u0105 udzielania \u015bwiadcze\u0144 w POZ &#8211; nie zast\u0119puje wizyty osobistej poza przypadkami okre\u015blonymi w przepisach <\/b><\/p>\n<p>Zakres teleporady uregulowany jest w:<span class=\"Apple-converted-space\">\u00a0<\/span><\/p>\n<p><b><i>Rozporz\u0105dzeniu Ministra Zdrowia z dnia 12 sierpnia 2020 r. w sprawie standardu organizacyjnego teleporady w ramach podstawowej opieki zdrowotnej (Dz.U. 2020 poz. 1395)<\/i><\/b><b><i>,<\/i><\/b><b><i> oraz\u00a0Rozporz\u0105dzeniu Ministra Zdrowia z dnia 5 marca 2021 r. zmieniaj\u0105ce rozporz\u0105dzenie w sprawie standardu organizacyjnego teleporady w ramach podstawowej opieki zdrowotnej (Dz.U. 2021 poz. 427).<\/i><\/b><b><span class=\"Apple-converted-space\">\u00a0<\/span><\/b><\/p>\n<p><b>KIEDY PACJENT UZYSKA TELEPORAD\u0118:<\/b><\/p>\n<ol>\n<li><strong>ISTNIEJE PODEJRZENIE ZAKA\u017bENIA WIRUSEM SARS-CoV-2<\/strong><\/li>\n<li>Potrzebuje recepty na leki niezb\u0119dne do kontynuacji leczenia, a lekarz ma jego dokumentacj\u0119 medyczn\u0105.<\/li>\n<li>Potrzebuje zlecenia na zaopatrzenie w wyroby medyczne jako kontynuacj\u0119 poprzedniego zlecenia, a lekarz ma jego dokumentacj\u0119 medyczn\u0105.<\/li>\n<li>Potrzebuje konsultacji lekarskiej np. om\u00f3wienia wynik\u00f3w bada\u0144.<\/li>\n<\/ol>\n<p><b>KIEDY PACJENT MA PRAWO DO BEZPO\u015aREDNIEJ WIZYTY:<\/b><\/p>\n<ol>\n<li>W ka\u017cdym przypadku gdy zg\u0142osi tak\u0105 potrzeb\u0119<\/li>\n<li>Nie wyrazi zgody na teleporad\u0119<\/li>\n<li>Cierpi na przewlek\u0142\u0105 chorob\u0119 i nast\u0105pi\u0142o pogorszenie lub zmieni\u0142y si\u0119 objawy<\/li>\n<li>Istnieje podejrzenie choroby nowotworowej<\/li>\n<li>Wizyta dotyczy dziecka poni\u017cej 6 lat<\/li>\n<li>Jest to pierwsza wizyta u lekarza lub piel\u0119gniarki, kt\u00f3rych wskaza\u0142 w deklaracji wyboru<\/li>\n<\/ol>\n<p><b>W RAMACH TELEPORADY PACJENT UZYSKA:<\/b><\/p>\n<ol>\n<li>zalecenia<\/li>\n<li>e-zwolnienie<\/li>\n<li>e-recept\u0119<\/li>\n<li>e-skierowanie<\/li>\n<li>zlecenie na test na koronawirusa<\/li>\n<li>sugesti\u0119 bezpo\u015bredniej wizyty w poradni lub kontaktu z pogotowiem ratunkowym (je\u017celi stan zdrowia b\u0119dzie tego wymaga\u0142)<\/li>\n<\/ol>\n<p><b>SPOS\u00d3B REALIZACJI: e-RECEPTY<\/b><b>.<\/b><\/p>\n<p>Je\u015bli podczas Konsultacji Telefonicznej personel medyczny wystawia e-Recept\u0119, Pacjent otrzymuje SMS-a z 4-cyfrowym kodem PIN umo\u017cliwiaj\u0105cym zrealizowanie<\/p>\n<p><b>e-RECEPTY W APTECE<\/b><b>.<\/b><\/p>\n<p>Wystawion\u0105 e-Recept\u0119 mo\u017cna zrealizowa\u0107 w dowolnej aptece, podaj\u0105c otrzymany numer PIN oraz numer PESEL. W przypadku gdy Pacjent nie posiada numeru PESEL, otrzymuje on SMS-a z 44-cyfrowym kluczem dost\u0119pu, z zastosowaniem kt\u00f3rego mo\u017cliwe jest zrealizowanie e-Recepty w aptece.<\/p>\n<p><b>SPOS\u00d3B REALIZACJI: e-SKIEROWANIA<\/b><b>.<\/b><\/p>\n<p>Wystawienie e-Skierowania przez lekarza powoduje wys\u0142anie do Pacjenta SMS-a z 4-cyfrowym kodem PIN, kt\u00f3ry wraz z numerem PESEL umo\u017cliwi realizacje danego \u015bwiadczenia (zgodnie z e-Skierowaniem). Pacjent numer PIN oraz PESEL udost\u0119pnia osobie rezerwuj\u0105cej us\u0142ug\u0119 zlecon\u0105 na e-Skierowaniu. Mo\u017cliwy jest r\u00f3wnie\u017c wydruk potwierdzenia wystawienia e-Skierowania. <span class=\"Apple-converted-space\">\u00a0 <\/span>W przypadku gdy Pacjent nie posiada numeru PESEL zostanie wygenerowany SMS 44-cyfrowy klucz dost\u0119pu, kt\u00f3ry pozwoli na realizacj\u0119 e-Skierowania.<\/p>\n<p><b>SPOS\u00d3B REALIZACJI: e-ZLECENIA NA WYROBY MEDYCZNE<\/b><b>.<\/b><\/p>\n<p>Podobnie jak w przypadku e-Recepty, po wystawieniu w trakcie Konsultacji Telefonicznej e-Zlecenia na wyroby medyczne, Pacjent otrzymuje przez telefon lub SMS-a numer zlecenia, kt\u00f3ry uprawnia do zrealizowania tego zlecenia w dowolnie wybranej plac\u00f3wce aptecznej lub w sklepie medycznym.<\/p>\n<p><b>SPOS\u00d3B REALIZACJI: ZLECE\u0143 BADA\u0143 DODATKOWYCH, W SZCZEG\u00d3LNO\u015aCI LABORATORYJNYCH LUB OBRAZOWYCH<\/b><b>.<\/b><\/p>\n<p>Je\u017celi podczas Konsultacji Telefonicznej personel medyczny skieruje Pacjenta na badania laboratoryjne, Pacjent lub osoba trzecia (w imieniu Pacjenta) umawia termin wykonania tych bada\u0144 poprzez Portal Pacjenta, telefonicznie lub osobi\u015bcie w plac\u00f3wce. W przypadku zleconych przez personel medyczny bada\u0144 obrazowych i laboratoryjnych Pacjent lub osoba upowa\u017cniona zg\u0142asza si\u0119 do plac\u00f3wki po odbi\u00f3r skierowania.<\/p>\n<p><b>KODY SMS WYSY\u0141ANE S\u0104 AUTOMATYCZNIE DO PACJENT\u00d3W POSIADAJ\u0104CYCH INTERNETOWE KONTO PACJENTA (za\u0142\u00f3\u017c IKP)<\/b><\/p>\n<p><b>ZASADY UDZIELANIA TELEPORAD.<\/b><\/p>\n<p><b>1.SPOS\u00d3B NAWI\u0104ZANIA KONTAKTU<\/b><\/p>\n<p>W celu uzyskania teleporady nale\u017cy:<\/p>\n<p>skontaktowa\u0107 si\u0119 telefonicznie z rejestracj\u0105 NZOZ PANAMED w godzinach pracy od 08.00 do 18.00 W DNI ROBOCZE\u00a0<b>tel: (32)<\/b><b>\u00a0<\/b><b>745 44 90,<span class=\"Apple-converted-space\">\u00a0 <\/span>(32) 745 00 90,<span class=\"Apple-converted-space\">\u00a0 <\/span>GSM +48 790\u00a0535<\/b><b>\u00a0<\/b><b>200,\u00a0<\/b>poprosi\u0107 o ustalenie terminu wizyty w formie teleporady, lub przesy\u0142aj\u0105c informacj\u0119 na poczt\u0119 elektroniczn\u0105\u00a0<b>e mail: <\/b><a href=\"mailto:rejestracja@panamed.com.pl\"><b>rejestracja@panamed.com.pl<\/b><\/a><span class=\"Apple-converted-space\">\u00a0<\/span>w przypadku kontaktu e mail oddzwonimy do pacjenta i ustalimy termin wizyty<\/p>\n<p><span class=\"Apple-converted-space\">\u00a0<\/span><b>TELEPORADY UDZIELANE S\u0104<span class=\"Apple-converted-space\">\u00a0<\/span>W DNI ROBOCZE\u00a0OD PONIEDZIA\u0141KU DO PI\u0104TKU W GODZINACH OD 08.00 DO 18.00<\/b><\/p>\n<p>Teleporada jest realizowana:\u00a0nie p\u00f3\u017aniej ni\u017c w pierwszym dniu roboczym nast\u0119puj\u0105cym po dniu zg\u0142oszenia si\u0119 pacjenta do \u015bwiadczeniodawcy podstawowej opieki zdrowotnej za po\u015brednictwem systemu \u0142\u0105czno\u015bci telefonicznej, albo w p\u00f3\u017aniejszym terminie, je\u017celi ustalimy go w porozumieniu z pacjentem lub jego opiekunem prawnym.<\/p>\n<p>Po ustaleniu terminu realizacji teleporady (dzie\u0144, godzina) i wskazaniu numeru telefonu, nale\u017cy oczekiwa\u0107 kontaktu telefonicznego ze strony lekarza.<\/p>\n<p><b>ZE WZGL\u0118DOW ORGANIZACYJNYCH:<br \/>\n<\/b><b>KONTAKT B\u0118DZIE REALIZOWANY Z ZASTRZE\u017bONEGO NUMERU TELEFONU<\/b><b>.<\/b><\/p>\n<p>Ka\u017cdorazowo osoba udzielaj\u0105ca teleporady weryfikuje to\u017csamo\u015b\u0107 pacjenta na podstawie danych zawartych w dokumentacji medycznej.<\/p>\n<p>Teleporada jest udzielana w warunkach gwarantuj\u0105cych poufno\u015b\u0107 z zabezpieczeniem danych przed dost\u0119pem os\u00f3b nieuprawnionych.<\/p>\n<p>W przypadku wyst\u0105pienia konieczno\u015bci przekazania Pacjentowi informacji dotycz\u0105cej stanu zdrowia-cyfrowe odwzorowanie dokumentacji medycznej z zastosowaniem system\u00f3w teleinformatycznych ( e-mail), wykorzystywane s\u0105 programy do szyfrowania danych. <span class=\"Apple-converted-space\">\u00a0<\/span><\/p>\n<p>Obowi\u0105zek dostarczenia odpowiedniej i kompletnej dokumentacji medycznej niezb\u0119dnej do udzielenia \u015bwiadczenia le\u017cy po stronie pacjenta.<span class=\"Apple-converted-space\">\u00a0 \u00a0 \u00a0 \u00a0 \u00a0 \u00a0 \u00a0 \u00a0 \u00a0 \u00a0 \u00a0 \u00a0 \u00a0 \u00a0 \u00a0 \u00a0<\/span><\/p>\n<p>Osoba udzielaj\u0105ca teleporady odnotowuje w dokumentacji medycznej informacje dotycz\u0105ce udzielonego \u015bwiadczenia.<\/p>\n<p>Drog\u0105 telefoniczn\u0105 realizowany jest wywiad lekarski, kt\u00f3rego efektem mo\u017ce by\u0107 m.in. udzielenie porady, wystawienie e-recepty, e-skierowania, e-zwolnienia lekarskiego lub podj\u0119cie decyzji o udzieleniu porady w trybie stacjonarnym.<\/p>\n<p><b>2.BRAK MO\u017bLIWO\u015aCI NAWI\u0104ZANIA KONTAKTU Z PACJENTEM W USTALONYM TERMINIE<\/b><b> <span class=\"Apple-converted-space\">\u00a0 \u00a0 \u00a0 \u00a0 \u00a0 \u00a0 \u00a0 \u00a0 \u00a0 \u00a0 \u00a0<\/span><\/b><\/p>\n<p>W przypadku trzech nieudanych pr\u00f3b kontaktu podj\u0119tych w odst\u0119pie nie kr\u00f3tszym ni\u017c 5 minut personel medyczny mo\u017ce zrezygnowa\u0107 z kolejnych pr\u00f3b kontaktu; Konsultacja Telefoniczna zostaje w\u00f3wczas anulowana.<\/p>\n<p><b>KONIECZNE JEST DOKONANIE PONOWNEJ REJESTRACJI NA TELEPORAD\u0118<\/b><\/p>\n<p><span class=\"Apple-converted-space\">\u00a0 \u00a0<\/span><\/p>\n","protected":false},"excerpt":{"rendered":"<p>Rejestracja pacjent\u00f3w na\u00a0wizyt\u0119 w\u00a0naszej przychodni odbywa\u00a0si\u0119 w godzinach otwarcia przychodni &#8211;\u00a0osobi\u015bcie w\u00a0rejestracji lub\u00a0telefonicznie.\u00a0W przypadku, kiedy pacjent nie\u00a0mo\u017ce stawi\u0107\u00a0si\u0119 na\u00a0um\u00f3wion\u0105 wizyt\u0119, jest zobowi\u0105zany powiadomi\u0107 o\u00a0tym fakcie pracownik\u00f3w rejestracji, aby miejsce mog\u0142o zosta\u0107 wykorzystane przez innego potrzebuj\u0105cego pacjenta. TELEPORADA jest form\u0105 udzielania pomocy medycznej \u2013 \u015bwiadczenia w zakresie podstawowej opieki zdrowotnej na odleg\u0142o\u015b\u0107 i przy wykorzystaniu teleinformatycznych<\/p>\n","protected":false},"author":1,"featured_media":0,"parent":0,"menu_order":0,"comment_status":"closed","ping_status":"closed","template":"","meta":[],"_links":{"self":[{"href":"https:\/\/panamed.com.pl\/index.php\/wp-json\/wp\/v2\/pages\/4607"}],"collection":[{"href":"https:\/\/panamed.com.pl\/index.php\/wp-json\/wp\/v2\/pages"}],"about":[{"href":"https:\/\/panamed.com.pl\/index.php\/wp-json\/wp\/v2\/types\/page"}],"author":[{"embeddable":true,"href":"https:\/\/panamed.com.pl\/index.php\/wp-json\/wp\/v2\/users\/1"}],"replies":[{"embeddable":true,"href":"https:\/\/panamed.com.pl\/index.php\/wp-json\/wp\/v2\/comments?post=4607"}],"version-history":[{"count":4,"href":"https:\/\/panamed.com.pl\/index.php\/wp-json\/wp\/v2\/pages\/4607\/revisions"}],"predecessor-version":[{"id":4612,"href":"https:\/\/panamed.com.pl\/index.php\/wp-json\/wp\/v2\/pages\/4607\/revisions\/4612"}],"wp:attachment":[{"href":"https:\/\/panamed.com.pl\/index.php\/wp-json\/wp\/v2\/media?parent=4607"}],"curies":[{"name":"wp","href":"https:\/\/api.w.org\/{rel}","templated":true}]}}