{"id":4601,"date":"2021-08-07T07:27:30","date_gmt":"2021-08-07T07:27:30","guid":{"rendered":"https:\/\/panamed.com.pl\/?page_id=4601"},"modified":"2021-08-07T08:46:00","modified_gmt":"2021-08-07T08:46:00","slug":"prawa-pacjenta","status":"publish","type":"page","link":"https:\/\/panamed.com.pl\/index.php\/prawa-pacjenta\/","title":{"rendered":"Prawa pacjenta"},"content":{"rendered":"<p><b><i>ZBI\u00d3R PRAW PACJENTA<\/i><\/b><\/p>\n<p><b><i>Prawa pacjenta s\u0105 zbiorem praw, zawartych mi\u0119dzy innymi w Konstytucji Rzeczypospolitej Polskiej, ustawie o \u015bwiadczeniach opieki zdrowotnej finansowanych ze \u015brodk\u00f3w publicznych, ustawie o prawach pacjenta i Rzeczniku Praw Pacjenta. Przestrzeganie praw pacjenta jest ustawowym obowi\u0105zkiem wszystkich uczestnicz\u0105cych w udzielaniu \u015bwiadcze\u0144 zdrowotnych. Od organ\u00f3w w\u0142adzy publicznej pocz\u0105wszy, poprzez osoby wykonuj\u0105ce zaw\u00f3d medyczny, do wszystkich innych, kt\u00f3rzy z racji wykonywanego zawodu maj\u0105 kontakt z pacjentem.<\/i><\/b><\/p>\n<p><b>PRAWO PACJENTA DO \u015aWIADCZE\u0143 ZDROWOTNYCH:<\/b><\/p>\n<p>&#8211;<span class=\"Apple-converted-space\">\u00a0 <\/span>Pacjent ma prawo do \u015bwiadcze\u0144 zdrowotnych udzielanych z nale\u017cyt\u0105 staranno\u015bci\u0105, odpowiadaj\u0105cych wymaganiom aktualnej wiedzy medycznej;<\/p>\n<p>&#8211; Pacjent ma prawo do korzystania z rzetelnej, opartej na kryteriach medycznych listy oczekuj\u0105cych;<\/p>\n<p>&#8211; W sytuacji ograniczonej mo\u017cliwo\u015bci udzielenia odpowiednich \u015bwiadcze\u0144 zdrowotnych, pacjent ma prawo do przejrzystej, obiektywnej, opartej na kryteriach medycznych, procedury ustalaj\u0105cej kolejno\u015b\u0107 dost\u0119pu do tych \u015bwiadcze\u0144;<\/p>\n<p>&#8211; Pacjent ma prawo \u017c\u0105da\u0107 drugiej opinii. \u017b\u0105danie oraz ewentualn\u0105 odmow\u0119 odnotowuje si\u0119 w dokumentacji medycznej;<\/p>\n<p>&#8211; Pacjent ma prawo do natychmiastowego udzielenia \u015bwiadcze\u0144 zdrowotnych ze wzgl\u0119du na zagro\u017cenie zdrowia lub \u017cycia.<\/p>\n<p><b>PACJENT MA PRAWO WYBORU:<\/b><\/p>\n<p>&#8211; W ramach POZ \u2013 lekarza, piel\u0119gniarki, po\u0142o\u017cnej<\/p>\n<p>&#8211; W ramach AOS \u2013 poradni specjalistycznej udzielaj\u0105cej \u015bwiadcze\u0144 we w\u0142a\u015bciwym zakresie, kt\u00f3ra ma umow\u0119 z NFZ. Wyb\u00f3r plac\u00f3wki medycznej realizuj\u0105cej \u015bwiadczenia w ramach kontraktu z NFZ jest dowolny;<\/p>\n<p>&#8211; W ramach leczenia stomatologicznego \u2013 poradni specjalistycznej realizuj\u0105cej \u015bwiadczenia z zakresu leczenia stomatologicznego, posiadaj\u0105cej umow\u0119 z NFZ;<\/p>\n<p>&#8211; W ramach leczenia szpitalnego \u2013 dowolnego szpitala, posiadaj\u0105cego umow\u0119 z NFZ, na terenie ca\u0142ej Polski.<\/p>\n<p><b>PRAWO DO INFORMACJI:<\/b><\/p>\n<p>&#8211; Pacjent ma prawo do informacji o swoich prawach;<\/p>\n<p>&#8211; Pacjent ma prawo do informacji o rodzaju i zakresie \u015bwiadcze\u0144 udzielanych u danego \u015bwiadczeniodawcy;<\/p>\n<p>&#8211; Pacjent ma prawo do informacji o swoim stanie zdrowia oraz do rezygnacji z otrzymywania informacji wskazuj\u0105c z jakich informacji rezygnuje.<\/p>\n<p><b>PRAWO DO WYRA\u017bENIA ZGODY:<\/b><\/p>\n<p>&#8211; Pacjent, tak\u017ce ma\u0142oletni, kt\u00f3ry uko\u0144czy\u0142 16 lat, ma prawo do wyra\u017cenia \u015bwiadomej zgody na udzielenie \u015bwiadczenia zdrowotnego. Prawo do wyra\u017cenia zgody ma przedstawiciel ustawowy, a w przypadku jego braku \u2013 opiekun faktyczny.<\/p>\n<p>&#8211; Pacjent ma prawo odm\u00f3wi\u0107 lub za\u017c\u0105da\u0107 zaprzestania udzielania \u015bwiadczenia<\/p>\n<p>&#8211; Pacjent ma prawo do tajemnicy informacji z nim zwi\u0105zanych:<\/p>\n<p>&#8211; Pacjent ma prawo do poufno\u015bci;<\/p>\n<p>&#8211; Pacjent ma prawo wskaza\u0107, komu informacje obj\u0119te tajemnic\u0105 b\u0119d\u0105 przekazywane.<\/p>\n<p><b>PRAWO DO POSZANOWANIA INTYMNO\u015aCI I GODNO\u015aCI PACJENTA:<\/b><\/p>\n<p>&#8211; Pacjent ma prawo do godnego umierania;<\/p>\n<p>&#8211; Pacjent ma prawo do obecno\u015bci bliskiej osoby przy udzielaniu \u015bwiadcze\u0144 zdrowotnych.<\/p>\n<p><b>PRAWO PACJENTA DO DOKUMENTACJI MEDYCZNEJ:<\/b><\/p>\n<p>&#8211; Pacjent ma prawo do dost\u0119pu do dokumentacji medycznej dotycz\u0105cej jego stanu zdrowia oraz udzielonych mu \u015bwiadcze\u0144 zdrowotnych.<\/p>\n<p><b>PRAWO PACJENTA DO PRZECHOWYWANIA RZECZY WARTO\u015aCIOWYCH W DEPOZYCIE.<\/b><\/p>\n<p>PRAWO DO ZG\u0141OSZENIA SPRZECIWU WOBEC OPINII ALBO ORZECZENIA LEKARZA (JE\u017bELI MAJ\u0104 ONE WP\u0141YW NA PRAWA LUB OBOWI\u0104ZKI PACJENTA)<\/p>\n<p>&#8211; Pacjent lub jego przedstawiciel ustawowy wnosi sprzeciw do Komisji Lekarskiej dzia\u0142aj\u0105cej przy Rzeczniku Praw Pacjenta, za po\u015brednictwem Rzecznika Praw Pacjenta, w terminie 30 dni od wydania opinii albo orzeczenia przez lekarza orzekaj\u0105cego o stanie zdrowia pacjenta.<\/p>\n<p><b>PRAWO DO POSZANOWANIA \u017bYCIA PRYWATNEGO I RODZINNEGO:<\/b><\/p>\n<p>&#8211; Pacjent ma prawo do kontaktu osobistego, telefonicznego lub korespondencyjnego z innymi osobami, ale tez ma prawo do odmowy takiego kontaktu;<\/p>\n<p>&#8211; Pacjent ma prawo do dodatkowej opieki piel\u0119gnacyjnej, kt\u00f3ra nie polega na udzielaniu \u015bwiadcze\u0144 zdrowotnych.<\/p>\n<p><b>PRAWO DO OPIEKI DUSZPASTERSKIEJ.<\/b><\/p>\n<p>PRAWO DO Z\u0141O\u017bENIA SKARGI USTNIE LUB PISEMNIE:<\/p>\n<p>&#8211; Do prze\u0142o\u017conego osoby udzielaj\u0105cej \u015bwiadczenia, do kierownictwa plac\u00f3wki;<\/p>\n<p>&#8211; Do Rzecznika Praw Pacjenta;<\/p>\n<p>&#8211; Do Rzecznika Odpowiedzialno\u015bci Zawodowej;<\/p>\n<p>&#8211; Do \u015bwiadczeniodawcy;<\/p>\n<p>&#8211; Do NFZ.<\/p>\n<p><b>LEKARZ MA PRAWO DO ODST\u0104PIENIA OD LECZENIA (W SZCZEG\u00d3LNIE UZASADNIONYCH PRZYPADKACH), JE\u017bELI PODEJMIE TAK\u0104 DECYZJ\u0118, LEKARZ MA OBOWI\u0104ZEK:<\/b><\/p>\n<p>&#8211; Uprzedzi\u0107 o tym fakcie pacjenta (jego przedstawiciela ustawowego lub opiekuna faktycznego) z odpowiednim wyprzedzeniem;<\/p>\n<p>&#8211; Wskaza\u0107 pacjentowi lekarza lub zak\u0142ad opieki zdrowotnej, w kt\u00f3rym pacjent ma realne mo\u017cliwo\u015bci uzyskania \u015bwiadczenia;<\/p>\n<p>&#8211; Uzasadni\u0107 i odnotowa\u0107 ten fakt w dokumentacji medycznej.<\/p>\n<p><b>SKARGI I UWAGI DOTYCZACE PRACY NZOZ PANAMED MO\u017bNA KIEROWA\u0106 DO:<\/b><\/p>\n<p><b>KIEROWNIKA NZOZ PANAMED:<br \/>\n<\/b>dr n. med. Danuta Syrkiewicz-Trepiak, przyjmuje w sprawach skarg i wniosk\u00f3w w pierwszy czwartek miesi\u0105ca w godzinach od 14.30 do 15.00, tel: (32)745 44 90,\u00a0e-mail<b>: <\/b><a href=\"%22mailto:\"><b>biuro@panamed.com.pl<\/b><\/a><\/p>\n<p><b>RZECZNIK PRAW PACJENTA:<br \/>\n<\/b><b>Biuro Rzecznika Praw Pacjenta,\u00a0<\/b>ul. M\u0142ynarska 46, 01-171 Warszawa, tel: (22) 532 82 50, fax: (22) 506 50 64,<span class=\"Apple-converted-space\">\u00a0<\/span>e-mail: <a href=\"mailto:kancelaria@rpp.gov.pl\"><b>kancelaria@rpp.gov.pl<\/b><\/a><\/p>\n<p><b>RZECZNIK ODPOWIEDZIALNO\u015aCI ZAWODOWEJ\u00a0\u015aL\u0104SKA IZBA LEKARSKA W KATOWICACH<br \/>\n<\/b><b>Kancelaria\u00a0Okr\u0119gowego Rzecznika Odpowiedzialno\u015bci Zawodowej\u00a0<\/b>ul. Gra\u017cy\u0144skiego 49a, 40-126 Katowice<b>\u00a0<\/b>tel: 32 60 44\u00a0240, e-mail: <a href=\"mailto:oroz@izba-lekarska.org.pl\"><b>oroz@izba-lekarska.org.pl<\/b><\/a><\/p>\n<p><b>NARODOWY FUNDUSZ ZDROWIA\u00a0\u015aL\u0104SKI ODDZIA\u0141 WOJEW\u00d3DZKI W KATOWICACH<\/b><br \/>\n<b>Punkt Obs\u0142ugi \u015al\u0105skiego OW NFZ,<span class=\"Apple-converted-space\">\u00a0<\/span><\/b>ul. Stanis\u0142awa Kossutha 13, 40-844 Katowice,<b>\u00a0<\/b>tel. 800 190\u00a0590, fax (32) 735 15 71,\u00a0e-mail: <a href=\"mailto:kancelaria@nfz-katowice.pl\"><b>kancelaria@nfz-katowice.pl<\/b><\/a><\/p>\n<p><span class=\"Apple-converted-space\">\u00a0\u00a0 \u00a0 \u00a0 \u00a0 \u00a0 \u00a0 \u00a0 \u00a0 \u00a0 \u00a0 \u00a0 \u00a0 \u00a0 \u00a0 \u00a0 \u00a0 \u00a0 \u00a0 \u00a0 \u00a0 \u00a0 \u00a0 \u00a0 \u00a0 \u00a0 \u00a0 \u00a0 \u00a0 \u00a0 \u00a0 \u00a0 \u00a0 \u00a0 \u00a0 \u00a0 \u00a0 \u00a0 \u00a0 \u00a0 \u00a0 \u00a0 \u00a0 \u00a0 \u00a0 \u00a0 \u00a0 \u00a0 \u00a0 \u00a0 \u00a0 \u00a0 \u00a0 \u00a0 \u00a0 \u00a0 \u00a0 \u00a0 \u00a0 \u00a0 \u00a0 \u00a0<\/span><\/p>\n","protected":false},"excerpt":{"rendered":"<p>ZBI\u00d3R PRAW PACJENTA Prawa pacjenta s\u0105 zbiorem praw, zawartych mi\u0119dzy innymi w Konstytucji Rzeczypospolitej Polskiej, ustawie o \u015bwiadczeniach opieki zdrowotnej finansowanych ze \u015brodk\u00f3w publicznych, ustawie o prawach pacjenta i Rzeczniku Praw Pacjenta. Przestrzeganie praw pacjenta jest ustawowym obowi\u0105zkiem wszystkich uczestnicz\u0105cych w udzielaniu \u015bwiadcze\u0144 zdrowotnych. Od organ\u00f3w w\u0142adzy publicznej pocz\u0105wszy, poprzez osoby wykonuj\u0105ce zaw\u00f3d medyczny, do<\/p>\n","protected":false},"author":1,"featured_media":0,"parent":0,"menu_order":0,"comment_status":"closed","ping_status":"closed","template":"","meta":[],"_links":{"self":[{"href":"https:\/\/panamed.com.pl\/index.php\/wp-json\/wp\/v2\/pages\/4601"}],"collection":[{"href":"https:\/\/panamed.com.pl\/index.php\/wp-json\/wp\/v2\/pages"}],"about":[{"href":"https:\/\/panamed.com.pl\/index.php\/wp-json\/wp\/v2\/types\/page"}],"author":[{"embeddable":true,"href":"https:\/\/panamed.com.pl\/index.php\/wp-json\/wp\/v2\/users\/1"}],"replies":[{"embeddable":true,"href":"https:\/\/panamed.com.pl\/index.php\/wp-json\/wp\/v2\/comments?post=4601"}],"version-history":[{"count":5,"href":"https:\/\/panamed.com.pl\/index.php\/wp-json\/wp\/v2\/pages\/4601\/revisions"}],"predecessor-version":[{"id":4616,"href":"https:\/\/panamed.com.pl\/index.php\/wp-json\/wp\/v2\/pages\/4601\/revisions\/4616"}],"wp:attachment":[{"href":"https:\/\/panamed.com.pl\/index.php\/wp-json\/wp\/v2\/media?parent=4601"}],"curies":[{"name":"wp","href":"https:\/\/api.w.org\/{rel}","templated":true}]}}