{"id":4593,"date":"2021-06-15T20:03:49","date_gmt":"2021-06-15T20:03:49","guid":{"rendered":"https:\/\/panamed.com.pl\/?page_id=4593"},"modified":"2021-06-15T20:05:56","modified_gmt":"2021-06-15T20:05:56","slug":"teleplatforma-pierwszego-kontaktu","status":"publish","type":"page","link":"https:\/\/panamed.com.pl\/index.php\/teleplatforma-pierwszego-kontaktu\/","title":{"rendered":"Teleplatforma pierwszego kontaktu"},"content":{"rendered":"<p>[vc_row top_margin=&#8221;page-margin-top-section&#8221; el_class=&#8221;padding-top-89 padding-bottom-50 background-right&#8221;][vc_column][vc_column_text]<b>TPK<\/b>\u00a0&#8211;\u00a0<b>TELEPLATFORMA PIERWSZEGO KONTAKTU<\/b><br \/>\n<b>800 137 200<\/b><\/p>\n<p><b>Jeden, bezp\u0142atny numer dla ca\u0142ej Polski<\/b><\/p>\n<p><b>Teleplatforma Pierwszego Kontaktu (TPK) jest dost\u0119pna:<\/b><\/p>\n<ul>\n<li><b>poza godzinami pracy Podstawowej Opieki Zdrowotnej, czyli:<\/b><\/li>\n<li>od\u00a0<b>poniedzia\u0142ku do pi\u0105tku<\/b>\u00a0w godzinach\u00a0<b>od 18:00\u00a0do 8:00\u00a0<\/b>nast\u0119pnego dnia<\/li>\n<li>w\u00a0<b>soboty i niedziele<\/b>\u00a0oraz inne dni ustawowo wolne od pracy, w godzinach\u00a0<b>od 8:00\u00a0do 8:00<\/b>\u00a0nast\u0119pnego dnia.<\/li>\n<\/ul>\n<p><b>Z TPK mo\u017cesz skorzysta\u0107 w sytuacji:<\/b><\/p>\n<ul>\n<li>nag\u0142ego zachorowania, poza godzinami pracy POZ,<\/li>\n<li>nag\u0142ego pogorszenia stanu zdrowia, gdy nie ma objaw\u00f3w sugeruj\u0105cych stan bezpo\u015bredniego zagro\u017cenia \u017cycia, a zastosowane \u015brodki lub leki dost\u0119pne bez recepty nie przynios\u0142y spodziewanej poprawy,<\/li>\n<li>gdy zachodzi obawa, \u017ce oczekiwanie na otwarcie przychodni POZ mo\u017ce znacz\u0105co niekorzystnie wp\u0142yn\u0105\u0107 na Tw\u00f3j stan zdrowia.<\/li>\n<\/ul>\n<p><b>Kontaktuj\u0105c si\u0119 z TPK, otrzymasz porad\u0119<\/b><\/p>\n<ul>\n<li>piel\u0119gniarki\/po\u0142o\u017cnej<\/li>\n<li>lekarsk\u0105.<\/li>\n<\/ul>\n<p><b>w formie telekonsultacji<\/b>.<\/p>\n<p><b>W ramach TPK\u00a0uzyskasz:<\/b><\/p>\n<ul>\n<li>porad\u0119 medyczn\u0105<\/li>\n<li>e\u2013recept\u0119<\/li>\n<li>e\u2013skierowanie<\/li>\n<li>e\u2013zwolnienie.<\/li>\n<\/ul>\n<p><b>Porady s\u0105\u00a0udzielane w czterech j\u0119zykach:<\/b><\/p>\n<ul>\n<li>polskim<\/li>\n<li>angielskim<\/li>\n<li>rosyjskim<\/li>\n<li>ukrai\u0144skim.<\/li>\n<\/ul>\n<p>[\/vc_column_text][\/vc_column][\/vc_row]<\/p>\n","protected":false},"excerpt":{"rendered":"<p>[vc_row top_margin=&#8221;page-margin-top-section&#8221; el_class=&#8221;padding-top-89 padding-bottom-50 background-right&#8221;][vc_column][vc_column_text]TPK\u00a0&#8211;\u00a0TELEPLATFORMA PIERWSZEGO KONTAKTU 800 137 200 Jeden, bezp\u0142atny numer dla ca\u0142ej Polski Teleplatforma Pierwszego Kontaktu (TPK) jest dost\u0119pna: poza godzinami pracy Podstawowej Opieki Zdrowotnej, czyli: od\u00a0poniedzia\u0142ku do pi\u0105tku\u00a0w godzinach\u00a0od 18:00\u00a0do 8:00\u00a0nast\u0119pnego dnia w\u00a0soboty i niedziele\u00a0oraz inne dni ustawowo wolne od pracy, w godzinach\u00a0od 8:00\u00a0do 8:00\u00a0nast\u0119pnego dnia. Z TPK mo\u017cesz skorzysta\u0107 w<\/p>\n","protected":false},"author":1,"featured_media":0,"parent":0,"menu_order":0,"comment_status":"closed","ping_status":"closed","template":"","meta":[],"_links":{"self":[{"href":"https:\/\/panamed.com.pl\/index.php\/wp-json\/wp\/v2\/pages\/4593"}],"collection":[{"href":"https:\/\/panamed.com.pl\/index.php\/wp-json\/wp\/v2\/pages"}],"about":[{"href":"https:\/\/panamed.com.pl\/index.php\/wp-json\/wp\/v2\/types\/page"}],"author":[{"embeddable":true,"href":"https:\/\/panamed.com.pl\/index.php\/wp-json\/wp\/v2\/users\/1"}],"replies":[{"embeddable":true,"href":"https:\/\/panamed.com.pl\/index.php\/wp-json\/wp\/v2\/comments?post=4593"}],"version-history":[{"count":3,"href":"https:\/\/panamed.com.pl\/index.php\/wp-json\/wp\/v2\/pages\/4593\/revisions"}],"predecessor-version":[{"id":4597,"href":"https:\/\/panamed.com.pl\/index.php\/wp-json\/wp\/v2\/pages\/4593\/revisions\/4597"}],"wp:attachment":[{"href":"https:\/\/panamed.com.pl\/index.php\/wp-json\/wp\/v2\/media?parent=4593"}],"curies":[{"name":"wp","href":"https:\/\/api.w.org\/{rel}","templated":true}]}}